{"id":1190,"date":"2024-12-26T21:07:21","date_gmt":"2024-12-26T21:07:21","guid":{"rendered":"https:\/\/fusyom.com\/?post_type=product&#038;p=1190"},"modified":"2026-05-08T09:54:10","modified_gmt":"2026-05-08T09:54:10","slug":"nova","status":"publish","type":"product","link":"https:\/\/fusyom.com\/en\/product\/nova\/","title":{"rendered":"NOVA"},"content":{"rendered":"<p>&nbsp;<\/p>\n<ul>\n<li>Pierre : B\u00e9ryl taill\u00e9e \u00e0 facette en France par J.P Tromeri<\/li>\n<li>M\u00e9tal : Argent 925<\/li>\n<li>Poids total : 8,3 grammes<\/li>\n<li>Taille : 60<\/li>\n<\/ul>","protected":false},"excerpt":{"rendered":"<p>Bague B\u00e9ryl<\/p>\n<p>One-of-a-kind Piece<\/p>","protected":false},"featured_media":1189,"comment_status":"open","ping_status":"closed","template":"","meta":[],"product_brand":[],"product_cat":[50,35,45,42,41],"product_tag":[],"class_list":{"0":"post-1190","1":"product","2":"type-product","3":"status-publish","4":"has-post-thumbnail","6":"product_cat-beryl","7":"product_cat-bagues","8":"product_cat-femme","9":"product_cat-homme","10":"product_cat-piece-unique","12":"entry","13":"has-media","15":"first","16":"instock","17":"purchasable","18":"product-type-simple","19":"has-product-nav","20":"col","21":"span_1_of_3","22":"owp-content-center","23":"owp-thumbs-layout-horizontal","24":"owp-btn-normal","25":"owp-tabs-layout-horizontal"},"yoast_head":"<!-- This site is optimized with the Yoast SEO plugin v25.7 - https:\/\/yoast.com\/wordpress\/plugins\/seo\/ -->\n<title>NOVA - Fusyom.com<\/title>\n<meta name=\"robots\" content=\"noindex, follow\" \/>\n<meta property=\"og:locale\" content=\"en_GB\" \/>\n<meta property=\"og:type\" content=\"article\" \/>\n<meta property=\"og:title\" content=\"NOVA - Fusyom.com\" \/>\n<meta property=\"og:description\" content=\"Bague B\u00e9ryl  Pi\u00e8ce Unique\" \/>\n<meta property=\"og:url\" content=\"https:\/\/fusyom.com\/en\/product\/nova\/\" \/>\n<meta property=\"og:site_name\" content=\"Fusyom.com\" \/>\n<meta property=\"article:publisher\" content=\"https:\/\/www.facebook.com\/guillaume.tissanie.9\" \/>\n<meta property=\"article:modified_time\" content=\"2026-05-08T09:54:10+00:00\" \/>\n<meta property=\"og:image\" content=\"https:\/\/fusyom.com\/wp-content\/uploads\/2024\/12\/bague-creation-unique-etoile-fusyom-e1735246759134.jpg\" \/>\n\t<meta property=\"og:image:width\" content=\"600\" \/>\n\t<meta property=\"og:image:height\" content=\"600\" \/>\n\t<meta property=\"og:image:type\" content=\"image\/jpeg\" \/>\n<meta name=\"twitter:card\" content=\"summary_large_image\" \/>\n<meta name=\"twitter:label1\" content=\"Estimated reading time\" \/>\n\t<meta name=\"twitter:data1\" content=\"1 minute\" \/>\n<script type=\"application\/ld+json\" class=\"yoast-schema-graph\">{\"@context\":\"https:\/\/schema.org\",\"@graph\":[{\"@type\":\"WebPage\",\"@id\":\"https:\/\/fusyom.com\/produit\/nova\/\",\"url\":\"https:\/\/fusyom.com\/produit\/nova\/\",\"name\":\"NOVA - Fusyom.com\",\"isPartOf\":{\"@id\":\"https:\/\/fusyom.com\/#website\"},\"primaryImageOfPage\":{\"@id\":\"https:\/\/fusyom.com\/produit\/nova\/#primaryimage\"},\"image\":{\"@id\":\"https:\/\/fusyom.com\/produit\/nova\/#primaryimage\"},\"thumbnailUrl\":\"https:\/\/fusyom.com\/wp-content\/uploads\/2024\/12\/bague-creation-unique-etoile-fusyom-e1735246759134.jpg\",\"datePublished\":\"2024-12-26T21:07:21+00:00\",\"dateModified\":\"2026-05-08T09:54:10+00:00\",\"breadcrumb\":{\"@id\":\"https:\/\/fusyom.com\/produit\/nova\/#breadcrumb\"},\"inLanguage\":\"en-GB\",\"potentialAction\":[{\"@type\":\"ReadAction\",\"target\":[\"https:\/\/fusyom.com\/produit\/nova\/\"]}]},{\"@type\":\"ImageObject\",\"inLanguage\":\"en-GB\",\"@id\":\"https:\/\/fusyom.com\/produit\/nova\/#primaryimage\",\"url\":\"https:\/\/fusyom.com\/wp-content\/uploads\/2024\/12\/bague-creation-unique-etoile-fusyom-e1735246759134.jpg\",\"contentUrl\":\"https:\/\/fusyom.com\/wp-content\/uploads\/2024\/12\/bague-creation-unique-etoile-fusyom-e1735246759134.jpg\",\"width\":600,\"height\":600},{\"@type\":\"BreadcrumbList\",\"@id\":\"https:\/\/fusyom.com\/produit\/nova\/#breadcrumb\",\"itemListElement\":[{\"@type\":\"ListItem\",\"position\":1,\"name\":\"Accueil\",\"item\":\"https:\/\/fusyom.com\/\"},{\"@type\":\"ListItem\",\"position\":2,\"name\":\"Boutique\",\"item\":\"https:\/\/fusyom.com\/boutique-fusyom-pieces-uniques-de-joaillerie-contemporaine\/\"},{\"@type\":\"ListItem\",\"position\":3,\"name\":\"NOVA\"}]},{\"@type\":\"WebSite\",\"@id\":\"https:\/\/fusyom.com\/#website\",\"url\":\"https:\/\/fusyom.com\/\",\"name\":\"Fusyom.com\",\"description\":\"Rencontrer. Cr\u00e9er. Transmettre.\",\"publisher\":{\"@id\":\"https:\/\/fusyom.com\/#organization\"},\"potentialAction\":[{\"@type\":\"SearchAction\",\"target\":{\"@type\":\"EntryPoint\",\"urlTemplate\":\"https:\/\/fusyom.com\/?s={search_term_string}\"},\"query-input\":{\"@type\":\"PropertyValueSpecification\",\"valueRequired\":true,\"valueName\":\"search_term_string\"}}],\"inLanguage\":\"en-GB\"},{\"@type\":\"Organization\",\"@id\":\"https:\/\/fusyom.com\/#organization\",\"name\":\"Fusyom\",\"url\":\"https:\/\/fusyom.com\/\",\"logo\":{\"@type\":\"ImageObject\",\"inLanguage\":\"en-GB\",\"@id\":\"https:\/\/fusyom.com\/#\/schema\/logo\/image\/\",\"url\":\"https:\/\/fusyom.com\/wp-content\/uploads\/2024\/12\/cropped-logo_285x238_blanc.png\",\"contentUrl\":\"https:\/\/fusyom.com\/wp-content\/uploads\/2024\/12\/cropped-logo_285x238_blanc.png\",\"width\":512,\"height\":512,\"caption\":\"Fusyom\"},\"image\":{\"@id\":\"https:\/\/fusyom.com\/#\/schema\/logo\/image\/\"},\"sameAs\":[\"https:\/\/www.facebook.com\/guillaume.tissanie.9\",\"https:\/\/www.instagram.com\/guillaume_tissanie\/\"]}]}<\/script>\n<!-- \/ Yoast SEO plugin. -->","yoast_head_json":{"title":"NOVA - Fusyom.com","robots":{"index":"noindex","follow":"follow"},"og_locale":"en_GB","og_type":"article","og_title":"NOVA - Fusyom.com","og_description":"Bague B\u00e9ryl  Pi\u00e8ce Unique","og_url":"https:\/\/fusyom.com\/en\/product\/nova\/","og_site_name":"Fusyom.com","article_publisher":"https:\/\/www.facebook.com\/guillaume.tissanie.9","article_modified_time":"2026-05-08T09:54:10+00:00","og_image":[{"width":600,"height":600,"url":"https:\/\/fusyom.com\/wp-content\/uploads\/2024\/12\/bague-creation-unique-etoile-fusyom-e1735246759134.jpg","type":"image\/jpeg"}],"twitter_card":"summary_large_image","twitter_misc":{"Estimated reading time":"1 minute"},"schema":{"@context":"https:\/\/schema.org","@graph":[{"@type":"WebPage","@id":"https:\/\/fusyom.com\/produit\/nova\/","url":"https:\/\/fusyom.com\/produit\/nova\/","name":"NOVA - Fusyom.com","isPartOf":{"@id":"https:\/\/fusyom.com\/#website"},"primaryImageOfPage":{"@id":"https:\/\/fusyom.com\/produit\/nova\/#primaryimage"},"image":{"@id":"https:\/\/fusyom.com\/produit\/nova\/#primaryimage"},"thumbnailUrl":"https:\/\/fusyom.com\/wp-content\/uploads\/2024\/12\/bague-creation-unique-etoile-fusyom-e1735246759134.jpg","datePublished":"2024-12-26T21:07:21+00:00","dateModified":"2026-05-08T09:54:10+00:00","breadcrumb":{"@id":"https:\/\/fusyom.com\/produit\/nova\/#breadcrumb"},"inLanguage":"en-GB","potentialAction":[{"@type":"ReadAction","target":["https:\/\/fusyom.com\/produit\/nova\/"]}]},{"@type":"ImageObject","inLanguage":"en-GB","@id":"https:\/\/fusyom.com\/produit\/nova\/#primaryimage","url":"https:\/\/fusyom.com\/wp-content\/uploads\/2024\/12\/bague-creation-unique-etoile-fusyom-e1735246759134.jpg","contentUrl":"https:\/\/fusyom.com\/wp-content\/uploads\/2024\/12\/bague-creation-unique-etoile-fusyom-e1735246759134.jpg","width":600,"height":600},{"@type":"BreadcrumbList","@id":"https:\/\/fusyom.com\/produit\/nova\/#breadcrumb","itemListElement":[{"@type":"ListItem","position":1,"name":"Accueil","item":"https:\/\/fusyom.com\/"},{"@type":"ListItem","position":2,"name":"Boutique","item":"https:\/\/fusyom.com\/boutique-fusyom-pieces-uniques-de-joaillerie-contemporaine\/"},{"@type":"ListItem","position":3,"name":"NOVA"}]},{"@type":"WebSite","@id":"https:\/\/fusyom.com\/#website","url":"https:\/\/fusyom.com\/","name":"Fusyom.com","description":"Rencontrer. Cr\u00e9er. Transmettre.","publisher":{"@id":"https:\/\/fusyom.com\/#organization"},"potentialAction":[{"@type":"SearchAction","target":{"@type":"EntryPoint","urlTemplate":"https:\/\/fusyom.com\/?s={search_term_string}"},"query-input":{"@type":"PropertyValueSpecification","valueRequired":true,"valueName":"search_term_string"}}],"inLanguage":"en-GB"},{"@type":"Organization","@id":"https:\/\/fusyom.com\/#organization","name":"Fusyom","url":"https:\/\/fusyom.com\/","logo":{"@type":"ImageObject","inLanguage":"en-GB","@id":"https:\/\/fusyom.com\/#\/schema\/logo\/image\/","url":"https:\/\/fusyom.com\/wp-content\/uploads\/2024\/12\/cropped-logo_285x238_blanc.png","contentUrl":"https:\/\/fusyom.com\/wp-content\/uploads\/2024\/12\/cropped-logo_285x238_blanc.png","width":512,"height":512,"caption":"Fusyom"},"image":{"@id":"https:\/\/fusyom.com\/#\/schema\/logo\/image\/"},"sameAs":["https:\/\/www.facebook.com\/guillaume.tissanie.9","https:\/\/www.instagram.com\/guillaume_tissanie\/"]}]}},"jetpack_sharing_enabled":true,"_links":{"self":[{"href":"https:\/\/fusyom.com\/en\/wp-json\/wp\/v2\/product\/1190","targetHints":{"allow":["GET"]}}],"collection":[{"href":"https:\/\/fusyom.com\/en\/wp-json\/wp\/v2\/product"}],"about":[{"href":"https:\/\/fusyom.com\/en\/wp-json\/wp\/v2\/types\/product"}],"replies":[{"embeddable":true,"href":"https:\/\/fusyom.com\/en\/wp-json\/wp\/v2\/comments?post=1190"}],"wp:featuredmedia":[{"embeddable":true,"href":"https:\/\/fusyom.com\/en\/wp-json\/wp\/v2\/media\/1189"}],"wp:attachment":[{"href":"https:\/\/fusyom.com\/en\/wp-json\/wp\/v2\/media?parent=1190"}],"wp:term":[{"taxonomy":"product_brand","embeddable":true,"href":"https:\/\/fusyom.com\/en\/wp-json\/wp\/v2\/product_brand?post=1190"},{"taxonomy":"product_cat","embeddable":true,"href":"https:\/\/fusyom.com\/en\/wp-json\/wp\/v2\/product_cat?post=1190"},{"taxonomy":"product_tag","embeddable":true,"href":"https:\/\/fusyom.com\/en\/wp-json\/wp\/v2\/product_tag?post=1190"}],"curies":[{"name":"wp","href":"https:\/\/api.w.org\/{rel}","templated":true}]}}