{"id":4779,"date":"2026-04-17T10:11:49","date_gmt":"2026-04-17T10:11:49","guid":{"rendered":"https:\/\/fusyom.com\/?post_type=product&#038;p=4779"},"modified":"2026-04-17T10:45:45","modified_gmt":"2026-04-17T10:45:45","slug":"croix-argent-zircon-incrustation-or","status":"publish","type":"product","link":"https:\/\/fusyom.com\/en\/product\/croix-argent-zircon-incrustation-or\/","title":{"rendered":"LA CROIX"},"content":{"rendered":"<ul>\n<li>Pierre : Zircon \u2013 Taill\u00e9e en France\n<ul class=\"stone-meta\">\n<li>Dimensions :\u00a08 \u00d7 7 mm<\/li>\n<li>Poids :\u00a01,70 ct<\/li>\n<li>Taille :\u00a0Heart<\/li>\n<li>Origine <b>:<\/b>\u00a0Madagascar<\/li>\n<li>Lapidaire : J.P Tromeri<\/li>\n<\/ul>\n<\/li>\n<\/ul>\n<ul>\n<li>Metal: 925 silver with 18 ct gold inlays<\/li>\n<li>Poids total : 10,9 g<\/li>\n<\/ul>","protected":false},"excerpt":{"rendered":"<p>Pendentif Zircon<\/p>\n<p>One-of-a-kind Piece<\/p>\n<div style=\"width: 1200px;\" class=\"wp-video\"><!--[if lt IE 9]><script>document.createElement('video');<\/script><![endif]--><br \/>\n<video class=\"wp-video-shortcode\" id=\"video-4779-1\" width=\"1200\" height=\"675\" preload=\"metadata\" controls=\"controls\"><source type=\"video\/mp4\" src=\"https:\/\/fusyom.com\/wp-content\/uploads\/2026\/04\/PE39-LA-CROIX-VIDEO.mp4?_=1\" \/><a href=\"https:\/\/fusyom.com\/wp-content\/uploads\/2026\/04\/PE39-LA-CROIX-VIDEO.mp4\">https:\/\/fusyom.com\/wp-content\/uploads\/2026\/04\/PE39-LA-CROIX-VIDEO.mp4<\/a><\/video><\/div>","protected":false},"featured_media":4781,"comment_status":"closed","ping_status":"closed","template":"","meta":[],"product_brand":[],"product_cat":[124,39,38],"product_tag":[],"class_list":{"0":"post-4779","1":"product","2":"type-product","3":"status-publish","4":"has-post-thumbnail","6":"product_cat-zircon","7":"product_cat-collier","8":"product_cat-pendentif","10":"entry","11":"has-media","13":"first","14":"instock","15":"taxable","16":"shipping-taxable","17":"purchasable","18":"product-type-simple","19":"has-product-nav","20":"col","21":"span_1_of_3","22":"owp-content-center","23":"owp-thumbs-layout-horizontal","24":"owp-btn-normal","25":"owp-tabs-layout-horizontal","26":"has-no-thumbnails"},"yoast_head":"<!-- This site is optimized with the Yoast SEO plugin v25.7 - https:\/\/yoast.com\/wordpress\/plugins\/seo\/ -->\n<title>Pendentif Croix avec zircon, argent et or \u2013 Pi\u00e8ce unique FUSYOM<\/title>\n<meta name=\"description\" content=\"Croix artisanale en argent 925 avec incrustation d\u2019or et zircon vert naturel. Pi\u00e8ce unique fa\u00e7onn\u00e9e \u00e0 la main sur l\u2019\u00eele d\u2019Ol\u00e9ron par FUSYOM\" \/>\n<meta name=\"robots\" content=\"index, follow, max-snippet:-1, max-image-preview:large, max-video-preview:-1\" \/>\n<link rel=\"canonical\" href=\"https:\/\/fusyom.com\/en\/product\/croix-argent-zircon-incrustation-or\/\" \/>\n<meta property=\"og:locale\" content=\"en_GB\" \/>\n<meta property=\"og:type\" content=\"article\" \/>\n<meta property=\"og:title\" content=\"Pendentif Croix avec zircon, argent et or \u2013 Pi\u00e8ce unique FUSYOM\" \/>\n<meta property=\"og:description\" content=\"Croix artisanale en argent 925 avec incrustation d\u2019or et zircon vert naturel. Pi\u00e8ce unique fa\u00e7onn\u00e9e \u00e0 la main sur l\u2019\u00eele d\u2019Ol\u00e9ron par FUSYOM\" \/>\n<meta property=\"og:url\" content=\"https:\/\/fusyom.com\/en\/product\/croix-argent-zircon-incrustation-or\/\" \/>\n<meta property=\"og:site_name\" content=\"Fusyom.com\" \/>\n<meta property=\"article:publisher\" content=\"https:\/\/www.facebook.com\/guillaume.tissanie.9\" \/>\n<meta property=\"article:modified_time\" content=\"2026-04-17T10:45:45+00:00\" \/>\n<meta property=\"og:image\" content=\"https:\/\/fusyom.com\/wp-content\/uploads\/2026\/04\/PE-39-LA-CROIX.jpg\" \/>\n\t<meta property=\"og:image:width\" content=\"1184\" \/>\n\t<meta property=\"og:image:height\" content=\"1579\" \/>\n\t<meta property=\"og:image:type\" content=\"image\/jpeg\" \/>\n<meta name=\"twitter:card\" content=\"summary_large_image\" \/>\n<meta name=\"twitter:label1\" content=\"Estimated reading time\" \/>\n\t<meta name=\"twitter:data1\" content=\"1 minute\" \/>\n<script type=\"application\/ld+json\" class=\"yoast-schema-graph\">{\"@context\":\"https:\/\/schema.org\",\"@graph\":[{\"@type\":\"WebPage\",\"@id\":\"https:\/\/fusyom.com\/produit\/croix-argent-zircon-incrustation-or\/\",\"url\":\"https:\/\/fusyom.com\/produit\/croix-argent-zircon-incrustation-or\/\",\"name\":\"Pendentif Croix avec zircon, argent et or \u2013 Pi\u00e8ce unique FUSYOM\",\"isPartOf\":{\"@id\":\"https:\/\/fusyom.com\/#website\"},\"primaryImageOfPage\":{\"@id\":\"https:\/\/fusyom.com\/produit\/croix-argent-zircon-incrustation-or\/#primaryimage\"},\"image\":{\"@id\":\"https:\/\/fusyom.com\/produit\/croix-argent-zircon-incrustation-or\/#primaryimage\"},\"thumbnailUrl\":\"https:\/\/fusyom.com\/wp-content\/uploads\/2026\/04\/PE-39-LA-CROIX.jpg\",\"datePublished\":\"2026-04-17T10:11:49+00:00\",\"dateModified\":\"2026-04-17T10:45:45+00:00\",\"description\":\"Croix artisanale en argent 925 avec incrustation d\u2019or et zircon vert naturel. Pi\u00e8ce unique fa\u00e7onn\u00e9e \u00e0 la main sur l\u2019\u00eele d\u2019Ol\u00e9ron par FUSYOM\",\"breadcrumb\":{\"@id\":\"https:\/\/fusyom.com\/produit\/croix-argent-zircon-incrustation-or\/#breadcrumb\"},\"inLanguage\":\"en-GB\",\"potentialAction\":[{\"@type\":\"ReadAction\",\"target\":[\"https:\/\/fusyom.com\/produit\/croix-argent-zircon-incrustation-or\/\"]}]},{\"@type\":\"ImageObject\",\"inLanguage\":\"en-GB\",\"@id\":\"https:\/\/fusyom.com\/produit\/croix-argent-zircon-incrustation-or\/#primaryimage\",\"url\":\"https:\/\/fusyom.com\/wp-content\/uploads\/2026\/04\/PE-39-LA-CROIX.jpg\",\"contentUrl\":\"https:\/\/fusyom.com\/wp-content\/uploads\/2026\/04\/PE-39-LA-CROIX.jpg\",\"width\":1184,\"height\":1579,\"caption\":\"Croix artisanale en argent avec zircon vert et incrustation d\u2019or \u2013 pi\u00e8ce unique FUSYOM\"},{\"@type\":\"BreadcrumbList\",\"@id\":\"https:\/\/fusyom.com\/produit\/croix-argent-zircon-incrustation-or\/#breadcrumb\",\"itemListElement\":[{\"@type\":\"ListItem\",\"position\":1,\"name\":\"Accueil\",\"item\":\"https:\/\/fusyom.com\/\"},{\"@type\":\"ListItem\",\"position\":2,\"name\":\"Boutique\",\"item\":\"https:\/\/fusyom.com\/boutique-fusyom-pieces-uniques-de-joaillerie-contemporaine\/\"},{\"@type\":\"ListItem\",\"position\":3,\"name\":\"LA CROIX\"}]},{\"@type\":\"WebSite\",\"@id\":\"https:\/\/fusyom.com\/#website\",\"url\":\"https:\/\/fusyom.com\/\",\"name\":\"Fusyom.com\",\"description\":\"Rencontrer. Cr\u00e9er. Transmettre.\",\"publisher\":{\"@id\":\"https:\/\/fusyom.com\/#organization\"},\"potentialAction\":[{\"@type\":\"SearchAction\",\"target\":{\"@type\":\"EntryPoint\",\"urlTemplate\":\"https:\/\/fusyom.com\/?s={search_term_string}\"},\"query-input\":{\"@type\":\"PropertyValueSpecification\",\"valueRequired\":true,\"valueName\":\"search_term_string\"}}],\"inLanguage\":\"en-GB\"},{\"@type\":\"Organization\",\"@id\":\"https:\/\/fusyom.com\/#organization\",\"name\":\"Fusyom\",\"url\":\"https:\/\/fusyom.com\/\",\"logo\":{\"@type\":\"ImageObject\",\"inLanguage\":\"en-GB\",\"@id\":\"https:\/\/fusyom.com\/#\/schema\/logo\/image\/\",\"url\":\"https:\/\/fusyom.com\/wp-content\/uploads\/2024\/12\/cropped-logo_285x238_blanc.png\",\"contentUrl\":\"https:\/\/fusyom.com\/wp-content\/uploads\/2024\/12\/cropped-logo_285x238_blanc.png\",\"width\":512,\"height\":512,\"caption\":\"Fusyom\"},\"image\":{\"@id\":\"https:\/\/fusyom.com\/#\/schema\/logo\/image\/\"},\"sameAs\":[\"https:\/\/www.facebook.com\/guillaume.tissanie.9\",\"https:\/\/www.instagram.com\/guillaume_tissanie\/\"]}]}<\/script>\n<!-- \/ Yoast SEO plugin. -->","yoast_head_json":{"title":"Pendentif Croix avec zircon, argent et or \u2013 Pi\u00e8ce unique FUSYOM","description":"Croix artisanale en argent 925 avec incrustation d\u2019or et zircon vert naturel. Pi\u00e8ce unique fa\u00e7onn\u00e9e \u00e0 la main sur l\u2019\u00eele d\u2019Ol\u00e9ron par FUSYOM","robots":{"index":"index","follow":"follow","max-snippet":"max-snippet:-1","max-image-preview":"max-image-preview:large","max-video-preview":"max-video-preview:-1"},"canonical":"https:\/\/fusyom.com\/en\/product\/croix-argent-zircon-incrustation-or\/","og_locale":"en_GB","og_type":"article","og_title":"Pendentif Croix avec zircon, argent et or \u2013 Pi\u00e8ce unique FUSYOM","og_description":"Croix artisanale en argent 925 avec incrustation d\u2019or et zircon vert naturel. Pi\u00e8ce unique fa\u00e7onn\u00e9e \u00e0 la main sur l\u2019\u00eele d\u2019Ol\u00e9ron par FUSYOM","og_url":"https:\/\/fusyom.com\/en\/product\/croix-argent-zircon-incrustation-or\/","og_site_name":"Fusyom.com","article_publisher":"https:\/\/www.facebook.com\/guillaume.tissanie.9","article_modified_time":"2026-04-17T10:45:45+00:00","og_image":[{"width":1184,"height":1579,"url":"https:\/\/fusyom.com\/wp-content\/uploads\/2026\/04\/PE-39-LA-CROIX.jpg","type":"image\/jpeg"}],"twitter_card":"summary_large_image","twitter_misc":{"Estimated reading time":"1 minute"},"schema":{"@context":"https:\/\/schema.org","@graph":[{"@type":"WebPage","@id":"https:\/\/fusyom.com\/produit\/croix-argent-zircon-incrustation-or\/","url":"https:\/\/fusyom.com\/produit\/croix-argent-zircon-incrustation-or\/","name":"Pendentif Croix avec zircon, argent et or \u2013 Pi\u00e8ce unique FUSYOM","isPartOf":{"@id":"https:\/\/fusyom.com\/#website"},"primaryImageOfPage":{"@id":"https:\/\/fusyom.com\/produit\/croix-argent-zircon-incrustation-or\/#primaryimage"},"image":{"@id":"https:\/\/fusyom.com\/produit\/croix-argent-zircon-incrustation-or\/#primaryimage"},"thumbnailUrl":"https:\/\/fusyom.com\/wp-content\/uploads\/2026\/04\/PE-39-LA-CROIX.jpg","datePublished":"2026-04-17T10:11:49+00:00","dateModified":"2026-04-17T10:45:45+00:00","description":"Croix artisanale en argent 925 avec incrustation d\u2019or et zircon vert naturel. Pi\u00e8ce unique fa\u00e7onn\u00e9e \u00e0 la main sur l\u2019\u00eele d\u2019Ol\u00e9ron par FUSYOM","breadcrumb":{"@id":"https:\/\/fusyom.com\/produit\/croix-argent-zircon-incrustation-or\/#breadcrumb"},"inLanguage":"en-GB","potentialAction":[{"@type":"ReadAction","target":["https:\/\/fusyom.com\/produit\/croix-argent-zircon-incrustation-or\/"]}]},{"@type":"ImageObject","inLanguage":"en-GB","@id":"https:\/\/fusyom.com\/produit\/croix-argent-zircon-incrustation-or\/#primaryimage","url":"https:\/\/fusyom.com\/wp-content\/uploads\/2026\/04\/PE-39-LA-CROIX.jpg","contentUrl":"https:\/\/fusyom.com\/wp-content\/uploads\/2026\/04\/PE-39-LA-CROIX.jpg","width":1184,"height":1579,"caption":"Croix artisanale en argent avec zircon vert et incrustation d\u2019or \u2013 pi\u00e8ce unique FUSYOM"},{"@type":"BreadcrumbList","@id":"https:\/\/fusyom.com\/produit\/croix-argent-zircon-incrustation-or\/#breadcrumb","itemListElement":[{"@type":"ListItem","position":1,"name":"Accueil","item":"https:\/\/fusyom.com\/"},{"@type":"ListItem","position":2,"name":"Boutique","item":"https:\/\/fusyom.com\/boutique-fusyom-pieces-uniques-de-joaillerie-contemporaine\/"},{"@type":"ListItem","position":3,"name":"LA CROIX"}]},{"@type":"WebSite","@id":"https:\/\/fusyom.com\/#website","url":"https:\/\/fusyom.com\/","name":"Fusyom.com","description":"Rencontrer. Cr\u00e9er. Transmettre.","publisher":{"@id":"https:\/\/fusyom.com\/#organization"},"potentialAction":[{"@type":"SearchAction","target":{"@type":"EntryPoint","urlTemplate":"https:\/\/fusyom.com\/?s={search_term_string}"},"query-input":{"@type":"PropertyValueSpecification","valueRequired":true,"valueName":"search_term_string"}}],"inLanguage":"en-GB"},{"@type":"Organization","@id":"https:\/\/fusyom.com\/#organization","name":"Fusyom","url":"https:\/\/fusyom.com\/","logo":{"@type":"ImageObject","inLanguage":"en-GB","@id":"https:\/\/fusyom.com\/#\/schema\/logo\/image\/","url":"https:\/\/fusyom.com\/wp-content\/uploads\/2024\/12\/cropped-logo_285x238_blanc.png","contentUrl":"https:\/\/fusyom.com\/wp-content\/uploads\/2024\/12\/cropped-logo_285x238_blanc.png","width":512,"height":512,"caption":"Fusyom"},"image":{"@id":"https:\/\/fusyom.com\/#\/schema\/logo\/image\/"},"sameAs":["https:\/\/www.facebook.com\/guillaume.tissanie.9","https:\/\/www.instagram.com\/guillaume_tissanie\/"]}]}},"jetpack_sharing_enabled":true,"_links":{"self":[{"href":"https:\/\/fusyom.com\/en\/wp-json\/wp\/v2\/product\/4779","targetHints":{"allow":["GET"]}}],"collection":[{"href":"https:\/\/fusyom.com\/en\/wp-json\/wp\/v2\/product"}],"about":[{"href":"https:\/\/fusyom.com\/en\/wp-json\/wp\/v2\/types\/product"}],"replies":[{"embeddable":true,"href":"https:\/\/fusyom.com\/en\/wp-json\/wp\/v2\/comments?post=4779"}],"wp:featuredmedia":[{"embeddable":true,"href":"https:\/\/fusyom.com\/en\/wp-json\/wp\/v2\/media\/4781"}],"wp:attachment":[{"href":"https:\/\/fusyom.com\/en\/wp-json\/wp\/v2\/media?parent=4779"}],"wp:term":[{"taxonomy":"product_brand","embeddable":true,"href":"https:\/\/fusyom.com\/en\/wp-json\/wp\/v2\/product_brand?post=4779"},{"taxonomy":"product_cat","embeddable":true,"href":"https:\/\/fusyom.com\/en\/wp-json\/wp\/v2\/product_cat?post=4779"},{"taxonomy":"product_tag","embeddable":true,"href":"https:\/\/fusyom.com\/en\/wp-json\/wp\/v2\/product_tag?post=4779"}],"curies":[{"name":"wp","href":"https:\/\/api.w.org\/{rel}","templated":true}]}}